{"id":211,"date":"2022-06-09T10:35:20","date_gmt":"2022-06-09T10:35:20","guid":{"rendered":"https:\/\/www.physiopraxis-uhingen.de\/services\/?page_id=211"},"modified":"2022-06-09T10:35:20","modified_gmt":"2022-06-09T10:35:20","slug":"physiotheraepie-praexis-albershausen","status":"publish","type":"page","link":"https:\/\/www.physiopraxis-uhingen.de\/services\/services\/physiotheraepie-praexis-albershausen\/","title":{"rendered":"Physiotherapie Praxis Albershausen Telefon: 07161-37176"},"content":{"rendered":"<h2>Bei der Verbesserung des Funktionsumfangs Ihres K\u00f6rpers bieten wir unterschiedlichste therapeutische Angebote die auf Ihre Funktionseinschr\u00e4nkung abgestimmt sind.<\/p>\n<\/h2>\n<p> Modernste Behandlungsmethoden und unser qualifiziertes Team garantiert eine hohe Qualit\u00e4t der Behandlung. Wenn wir Sie behandeln m\u00f6chten wir Ihre physische Flexibilit\u00e4t und Ihr Wohlgef\u00fchl verbessern und Ihnen dadurch wiederum zu mehr Lebensfreude verhelfen.<\/h2>\n<h2>Bei uns dreht sich alles um Physiotherapie<\/h2>\n<p>Sauberkeit ist f\u00fcr uns selbstverst\u00e4ndlich. Ihr Wohlergehen liegt uns sehr am Herzen. Nat\u00fcrlich befolgen wir die Hygienevorschriften der Landesregierung. Selbstverst\u00e4ndlich steht unsere Praxis auch mit den Gesundheits\u00e4mtern im Landkreis G\u00f6ppingen in engem Kontakt.<\/p>\n<h2>Sie erreichen uns telefonisch und k\u00f6nnen online einen Termin vereinbaren.<\/h2>\n<p>Unser Empfang ist gew\u00f6hnlich zumeist besetzt. Sollten Sie uns einmal nicht per Telefon erreichen, bitten wir Sie uns eine Nachricht mit Ihrem Namen und Ihrer Rufnummer auf den Anrufbeantworter zu sprechen. Unsere Physiotherapeuten rufen Sie dann schnellstm\u00f6glich zur\u00fcck. K\u00f6nnen Sie einen Termin nicht wahrnehmen, sagen Sie uns bitte 24 Stunden zuvor ab, dadurch k\u00f6nnen wir unseren Terminplan darauf einstellen. Sie erm\u00f6glichen dadurch vielen anderen Patienten einen fr\u00fcheren Praxistermin zu bekommen.<\/p>\n<p>Bitte bringen Sie zu unserem ersten Praxistermin Ihr Rezept, Ihre Versicherungskartee und, Ihren derzeitigen Befund mit.<\/p>\n<h2>Unsere Mitarbeiter freuen sich auf Sie<\/h2>\n<p>Sie erreichen uns <strong><span style=\"color: #F79646;\">telefonisch<\/span><\/strong> unter: <strong><span style=\"color: #F79646;\">0 71 61 37 17 6<\/span><\/strong> , per <strong><span style=\"color: #F79646;\">E-Mail<\/span><\/strong> unter: <strong><span style=\"color: #F79646;\">info@kg-kaelberer.de<\/span><\/strong> oder auch \u00fcber das nachfolgende <strong><span style=\"color: #F79646;\">Kontakt Formular<\/span><\/strong>.<\/p>\n<h2>Physiotherapie Praxis Termin machen<\/h2>\n<div role=\"form\" class=\"wpcf7\" id=\"wpcf7-f4-o1\" lang=\"de-DE\" dir=\"ltr\">\n<div class=\"screen-reader-response\"><p role=\"status\" aria-live=\"polite\" aria-atomic=\"true\"><\/p> <ul><\/ul><\/div>\n<form action=\"\/services\/wp-json\/wp\/v2\/pages\/211#wpcf7-f4-o1\" method=\"post\" class=\"wpcf7-form init\" novalidate=\"novalidate\" data-status=\"init\">\n<div style=\"display: none;\">\n<input type=\"hidden\" name=\"_wpcf7\" value=\"4\" \/>\n<input type=\"hidden\" name=\"_wpcf7_version\" value=\"5.5.4\" \/>\n<input type=\"hidden\" name=\"_wpcf7_locale\" value=\"de_DE\" \/>\n<input type=\"hidden\" name=\"_wpcf7_unit_tag\" value=\"wpcf7-f4-o1\" \/>\n<input type=\"hidden\" name=\"_wpcf7_container_post\" value=\"0\" \/>\n<input type=\"hidden\" name=\"_wpcf7_posted_data_hash\" value=\"\" \/>\n<\/div>\n<p>Betreff: <span class=\"wpcf7-form-control-wrap menu-213\"><select name=\"menu-213\" class=\"wpcf7-form-control wpcf7-select wpcf7-validates-as-required\" aria-required=\"true\" aria-invalid=\"false\"><option value=\"Termin\">Termin<\/option><option value=\"Sonstiges\">Sonstiges<\/option><\/select><\/span><\/p>\n<p><label> *Name<br \/>\n    <span class=\"wpcf7-form-control-wrap your-name\"><input type=\"text\" name=\"your-name\" value=\"\" size=\"40\" class=\"wpcf7-form-control wpcf7-text wpcf7-validates-as-required\" aria-required=\"true\" aria-invalid=\"false\" \/><\/span> <\/label><\/p>\n<p><span id=\"wpcf7-69e1ee97606a8-wrapper\" class=\"wpcf7-form-control-wrap Vorname-wrap\" style=\"display:none !important; visibility:hidden !important;\"><label for=\"wpcf7-69e1ee97606a8-field\" class=\"hp-message\">Bitte lasse dieses Feld leer.<\/label><input id=\"wpcf7-69e1ee97606a8-field\"  class=\"wpcf7-form-control wpcf7-text\" type=\"text\" name=\"Vorname\" value=\"\" size=\"40\" tabindex=\"-1\" autocomplete=\"off\" \/><\/span><\/p>\n<p><label> *E-Mail-Adresse<br \/>\n    <span class=\"wpcf7-form-control-wrap your-email\"><input type=\"email\" name=\"your-email\" value=\"\" size=\"40\" class=\"wpcf7-form-control wpcf7-text wpcf7-email wpcf7-validates-as-required wpcf7-validates-as-email\" aria-required=\"true\" aria-invalid=\"false\" \/><\/span> <\/label><\/p>\n<p><label> *Nachricht (optional)<br \/>\n    <span class=\"wpcf7-form-control-wrap your-message\"><textarea name=\"your-message\" cols=\"40\" rows=\"10\" class=\"wpcf7-form-control wpcf7-textarea wpcf7-validates-as-required\" aria-required=\"true\" aria-invalid=\"false\"><\/textarea><\/span> <\/label><\/p>\n<div style=\"background-color: rgba(128,128,128,.05); border: 1px solid rgba(128,128,128,.1); padding: .5em;\">\n<span class=\"wpcf7-form-control-wrap accept-this-1\"><span class=\"wpcf7-form-control wpcf7-acceptance\"><span class=\"wpcf7-list-item\"><label><input type=\"checkbox\" name=\"accept-this-1\" value=\"1\" aria-invalid=\"false\" \/><span class=\"wpcf7-list-item-label\">*Ich willige ein, dass meine Angaben zur Kontaktaufnahme und Zuordnung f\u00fcr eventuelle R\u00fcckfragen dauerhaft gespeichert werden (diese Einwilligung k\u00f6nnen Sie jederzeit durch Nachricht an uns widerrufen - Ihre Daten werden dann umgehend gel\u00f6scht). Weitere Informationen finden Sie in der <a target=\"_blank\" href=\"\/datenschutz\/\">Datenschutzerkl\u00e4rung<\/a>.<\/span><\/label><\/span><\/span><\/span>\n<\/div>\n<p><input type=\"submit\" value=\"Senden\" class=\"wpcf7-form-control has-spinner wpcf7-submit\" \/><\/p>\n<div class=\"wpcf7-response-output\" aria-hidden=\"true\"><\/div><\/form><\/div>\n","protected":false},"excerpt":{"rendered":"<p>Bei der Verbesserung des Funktionsumfangs Ihres K\u00f6rpers bieten wir unterschiedlichste therapeutische Angebote die auf Ihre Funktionseinschr\u00e4nkung abgestimmt sind. Modernste Behandlungsmethoden und unser qualifiziertes Team garantiert eine hohe Qualit\u00e4t der Behandlung. Wenn wir Sie behandeln m\u00f6chten wir Ihre physische Flexibilit\u00e4t und Ihr Wohlgef\u00fchl verbessern und Ihnen dadurch wiederum zu mehr Lebensfreude verhelfen. Bei uns dreht sich &hellip; <a href=\"https:\/\/www.physiopraxis-uhingen.de\/services\/services\/physiotheraepie-praexis-albershausen\/\" class=\"more-link\">Continue reading<span class=\"screen-reader-text\"> &#8222;Physiotherapie Praxis Albershausen Telefon: 07161-37176&#8220;<\/span><\/a><\/p>\n","protected":false},"author":2,"featured_media":212,"parent":24,"menu_order":0,"comment_status":"closed","ping_status":"closed","template":"","meta":[],"_links":{"self":[{"href":"https:\/\/www.physiopraxis-uhingen.de\/services\/wp-json\/wp\/v2\/pages\/211"}],"collection":[{"href":"https:\/\/www.physiopraxis-uhingen.de\/services\/wp-json\/wp\/v2\/pages"}],"about":[{"href":"https:\/\/www.physiopraxis-uhingen.de\/services\/wp-json\/wp\/v2\/types\/page"}],"author":[{"embeddable":true,"href":"https:\/\/www.physiopraxis-uhingen.de\/services\/wp-json\/wp\/v2\/users\/2"}],"replies":[{"embeddable":true,"href":"https:\/\/www.physiopraxis-uhingen.de\/services\/wp-json\/wp\/v2\/comments?post=211"}],"version-history":[{"count":0,"href":"https:\/\/www.physiopraxis-uhingen.de\/services\/wp-json\/wp\/v2\/pages\/211\/revisions"}],"up":[{"embeddable":true,"href":"https:\/\/www.physiopraxis-uhingen.de\/services\/wp-json\/wp\/v2\/pages\/24"}],"wp:featuredmedia":[{"embeddable":true,"href":"https:\/\/www.physiopraxis-uhingen.de\/services\/wp-json\/wp\/v2\/media\/212"}],"wp:attachment":[{"href":"https:\/\/www.physiopraxis-uhingen.de\/services\/wp-json\/wp\/v2\/media?parent=211"}],"curies":[{"name":"wp","href":"https:\/\/api.w.org\/{rel}","templated":true}]}}