{"id":215,"date":"2022-03-09T07:04:05","date_gmt":"2022-03-09T07:04:05","guid":{"rendered":"https:\/\/www.physiopraxis-uhingen.de\/services\/?page_id=215"},"modified":"2022-03-09T07:04:05","modified_gmt":"2022-03-09T07:04:05","slug":"physiotheraepie-praexis-adelberg","status":"publish","type":"page","link":"https:\/\/www.physiopraxis-uhingen.de\/services\/services\/physiotheraepie-praexis-adelberg\/","title":{"rendered":"Physiotherapie Praxis Adelberg Tel.: 07161-37176"},"content":{"rendered":"<h2>Bei der Verbesserung der Funktionalit\u00e4t Ihres K\u00f6rpers haben wir unterschiedliche physiotherapeutische M\u00f6glichkeiten die auf Sie abgestimmt sind.<\/p>\n<\/h2>\n<p> Hochwertige Behandlungsqualit\u00e4t und unser hochqualifiziertes Personal zeichnen uns aus. Wenn wir Sie behandeln m\u00f6chten wir Ihre k\u00f6rperliche Flexibilit\u00e4t und Ihr Wohlgef\u00fchl verbessern und Ihnen damit wiederum zu mehr Lebensqualit\u00e4t verhelfen.<\/h2>\n<h2>Bei uns dreht sich alles um Ihr Wohlbefinden<\/h2>\n<p>In unseren R\u00e4umen im Zentrum von Uhingen nehmen wir uns f\u00fcr Sie Zeit. Unsere erfahrenen Physiotherapeuten betreuen Sie engagiert wie auch ma\u00dfgeschneidert auf Sie abgestimmt. Wir leben die \u00dcberzeugung, dass nur ganzheitliches Denken die Therapie zum Gelingen f\u00fchrt. Erfreulicherweise best\u00e4tigen uns die Feedbacks unserer kleinen und gro\u00dfen Patienten, dass wir auf dem optimalen Weg sind. Besuchen Sie uns in unserer Uhinger Praxis, wir freuen uns auf Sie &#8211; sehr gerne sind wir f\u00fcr Patienten aus Adelberg da.<\/p>\n<h2>Sie erreichen uns \u00fcber das Telefon oder k\u00f6nnen im Web Termine vereinbaren.<\/h2>\n<p>Auch ohne vorliegen eines Rezeptes k\u00f6nnen wir Sie behandeln. Alle Behandlungen k\u00f6nnen von Ihnen auch als Selbstzahler vorgenommen werden.<\/p>\n<p>Bequeme Kleidung, ein gro\u00dfes Handtuch, sowie Sportschuhe sind mitzubringen.<\/p>\n<h2>Unsere Mitarbeiter freuen sich auf Sie<\/h2>\n<p>Sie erreichen uns <strong><span style=\"color: #F79646;\">telefonisch<\/span><\/strong> unter: <strong><span style=\"color: #F79646;\">0 71 61 37 17 6<\/span><\/strong> , per <strong><span style=\"color: #F79646;\">E-Mail<\/span><\/strong> unter: <strong><span style=\"color: #F79646;\">info@kg-kaelberer.de<\/span><\/strong> oder auch \u00fcber das nachstehende <strong><span style=\"color: #F79646;\">Kontaktformular<\/span><\/strong>.<\/p>\n<h2>Physiotherapie Praxis Termin vereinbaren<\/h2>\n<div role=\"form\" class=\"wpcf7\" id=\"wpcf7-f4-o1\" lang=\"de-DE\" dir=\"ltr\">\n<div class=\"screen-reader-response\"><p role=\"status\" aria-live=\"polite\" aria-atomic=\"true\"><\/p> <ul><\/ul><\/div>\n<form action=\"\/services\/wp-json\/wp\/v2\/pages\/215#wpcf7-f4-o1\" method=\"post\" class=\"wpcf7-form init\" novalidate=\"novalidate\" data-status=\"init\">\n<div style=\"display: none;\">\n<input type=\"hidden\" name=\"_wpcf7\" value=\"4\" \/>\n<input type=\"hidden\" name=\"_wpcf7_version\" value=\"5.5.4\" \/>\n<input type=\"hidden\" name=\"_wpcf7_locale\" value=\"de_DE\" \/>\n<input type=\"hidden\" name=\"_wpcf7_unit_tag\" value=\"wpcf7-f4-o1\" \/>\n<input type=\"hidden\" name=\"_wpcf7_container_post\" value=\"0\" \/>\n<input type=\"hidden\" name=\"_wpcf7_posted_data_hash\" value=\"\" \/>\n<\/div>\n<p>Betreff: <span class=\"wpcf7-form-control-wrap menu-213\"><select name=\"menu-213\" class=\"wpcf7-form-control wpcf7-select wpcf7-validates-as-required\" aria-required=\"true\" aria-invalid=\"false\"><option value=\"Termin\">Termin<\/option><option value=\"Sonstiges\">Sonstiges<\/option><\/select><\/span><\/p>\n<p><label> *Name<br \/>\n    <span class=\"wpcf7-form-control-wrap your-name\"><input type=\"text\" name=\"your-name\" value=\"\" size=\"40\" class=\"wpcf7-form-control wpcf7-text wpcf7-validates-as-required\" aria-required=\"true\" aria-invalid=\"false\" \/><\/span> <\/label><\/p>\n<p><span id=\"wpcf7-69f627a009e0d-wrapper\" class=\"wpcf7-form-control-wrap Vorname-wrap\" style=\"display:none !important; visibility:hidden !important;\"><label for=\"wpcf7-69f627a009e0d-field\" class=\"hp-message\">Bitte lasse dieses Feld leer.<\/label><input id=\"wpcf7-69f627a009e0d-field\"  class=\"wpcf7-form-control wpcf7-text\" type=\"text\" name=\"Vorname\" value=\"\" size=\"40\" tabindex=\"-1\" autocomplete=\"off\" \/><\/span><\/p>\n<p><label> *E-Mail-Adresse<br \/>\n    <span class=\"wpcf7-form-control-wrap your-email\"><input type=\"email\" name=\"your-email\" value=\"\" size=\"40\" class=\"wpcf7-form-control wpcf7-text wpcf7-email wpcf7-validates-as-required wpcf7-validates-as-email\" aria-required=\"true\" aria-invalid=\"false\" \/><\/span> <\/label><\/p>\n<p><label> *Nachricht (optional)<br \/>\n    <span class=\"wpcf7-form-control-wrap your-message\"><textarea name=\"your-message\" cols=\"40\" rows=\"10\" class=\"wpcf7-form-control wpcf7-textarea wpcf7-validates-as-required\" aria-required=\"true\" aria-invalid=\"false\"><\/textarea><\/span> <\/label><\/p>\n<div style=\"background-color: rgba(128,128,128,.05); border: 1px solid rgba(128,128,128,.1); padding: .5em;\">\n<span class=\"wpcf7-form-control-wrap accept-this-1\"><span class=\"wpcf7-form-control wpcf7-acceptance\"><span class=\"wpcf7-list-item\"><label><input type=\"checkbox\" name=\"accept-this-1\" value=\"1\" aria-invalid=\"false\" \/><span class=\"wpcf7-list-item-label\">*Ich willige ein, dass meine Angaben zur Kontaktaufnahme und Zuordnung f\u00fcr eventuelle R\u00fcckfragen dauerhaft gespeichert werden (diese Einwilligung k\u00f6nnen Sie jederzeit durch Nachricht an uns widerrufen - Ihre Daten werden dann umgehend gel\u00f6scht). Weitere Informationen finden Sie in der <a target=\"_blank\" href=\"\/datenschutz\/\">Datenschutzerkl\u00e4rung<\/a>.<\/span><\/label><\/span><\/span><\/span>\n<\/div>\n<p><input type=\"submit\" value=\"Senden\" class=\"wpcf7-form-control has-spinner wpcf7-submit\" \/><\/p>\n<div class=\"wpcf7-response-output\" aria-hidden=\"true\"><\/div><\/form><\/div>\n","protected":false},"excerpt":{"rendered":"<p>Bei der Verbesserung der Funktionalit\u00e4t Ihres K\u00f6rpers haben wir unterschiedliche physiotherapeutische M\u00f6glichkeiten die auf Sie abgestimmt sind. Hochwertige Behandlungsqualit\u00e4t und unser hochqualifiziertes Personal zeichnen uns aus. Wenn wir Sie behandeln m\u00f6chten wir Ihre k\u00f6rperliche Flexibilit\u00e4t und Ihr Wohlgef\u00fchl verbessern und Ihnen damit wiederum zu mehr Lebensqualit\u00e4t verhelfen. Bei uns dreht sich alles um Ihr Wohlbefinden &hellip; <a href=\"https:\/\/www.physiopraxis-uhingen.de\/services\/services\/physiotheraepie-praexis-adelberg\/\" class=\"more-link\">Continue reading<span class=\"screen-reader-text\"> &#8222;Physiotherapie Praxis Adelberg Tel.: 07161-37176&#8220;<\/span><\/a><\/p>\n","protected":false},"author":2,"featured_media":216,"parent":24,"menu_order":0,"comment_status":"closed","ping_status":"closed","template":"","meta":[],"_links":{"self":[{"href":"https:\/\/www.physiopraxis-uhingen.de\/services\/wp-json\/wp\/v2\/pages\/215"}],"collection":[{"href":"https:\/\/www.physiopraxis-uhingen.de\/services\/wp-json\/wp\/v2\/pages"}],"about":[{"href":"https:\/\/www.physiopraxis-uhingen.de\/services\/wp-json\/wp\/v2\/types\/page"}],"author":[{"embeddable":true,"href":"https:\/\/www.physiopraxis-uhingen.de\/services\/wp-json\/wp\/v2\/users\/2"}],"replies":[{"embeddable":true,"href":"https:\/\/www.physiopraxis-uhingen.de\/services\/wp-json\/wp\/v2\/comments?post=215"}],"version-history":[{"count":0,"href":"https:\/\/www.physiopraxis-uhingen.de\/services\/wp-json\/wp\/v2\/pages\/215\/revisions"}],"up":[{"embeddable":true,"href":"https:\/\/www.physiopraxis-uhingen.de\/services\/wp-json\/wp\/v2\/pages\/24"}],"wp:featuredmedia":[{"embeddable":true,"href":"https:\/\/www.physiopraxis-uhingen.de\/services\/wp-json\/wp\/v2\/media\/216"}],"wp:attachment":[{"href":"https:\/\/www.physiopraxis-uhingen.de\/services\/wp-json\/wp\/v2\/media?parent=215"}],"curies":[{"name":"wp","href":"https:\/\/api.w.org\/{rel}","templated":true}]}}