{"id":423,"date":"2022-12-19T06:22:47","date_gmt":"2022-12-19T06:22:47","guid":{"rendered":"https:\/\/www.physiopraxis-uhingen.de\/services\/?page_id=423"},"modified":"2022-12-19T06:22:47","modified_gmt":"2022-12-19T06:22:47","slug":"physiotheraepie-lymphdraeinaege-goeppingen","status":"publish","type":"page","link":"https:\/\/www.physiopraxis-uhingen.de\/services\/services\/physiotheraepie-lymphdraeinaege-goeppingen\/","title":{"rendered":"Physiotherapie Lymphdrainage G\u00f6ppingen Telefon: 07161-37176"},"content":{"rendered":"<h2>Unsere Praxis unterst\u00fctzt gro\u00dfe und kleine Menschen dabei, die Funktionalit\u00e4t Ihres K\u00f6rpers durch ein vielf\u00e4ltiges Angebot an therapeutischen Anwendungen zu therapieren.<\/p>\n<\/h2>\n<p> Moderne Therapeutische-Behandlungsmethoden und unser hochqualifiziertes Behandlungsteam gew\u00e4hrleistet eine hohe Qualit\u00e4t der Behandlung. Wenn wir Sie behandeln wollen wir Ihre k\u00f6rperliche Flexibilit\u00e4t und Ihr Wohlbefinden steigern und Ihnen dadurch wieder zu mehr Lebensqualit\u00e4t verhelfen.<\/h2>\n<h2>Physiotherapie ist unser Qualit\u00e4tsspektrum<\/h2>\n<p>In unseren einladenden und aktuell ausgestatteten Praxisr\u00e4umen im Ortszentrum von Uhingen k\u00fcmmern wir uns gerne um Sie. Unsere Mitarbeiter sind anerkannte Physiotherapeuten, die Sie in guter Atmosph\u00e4re engagiert und individuell unterst\u00fctzen. Wir sind davon \u00fcberzeugt, dass nur ganzheitliches Denken eine Behandlung zum Gelingen f\u00fchrt. Erfreulicherweise best\u00e4tigen uns die R\u00fcckmeldungen unserer kleinen und gro\u00dfen Patienten, dass wir auf dem richtigen Weg sind. Schauen Sie sich in aller Ruhe auf unser Homepage um, wir freuen uns auf Sie aus G\u00f6ppingen.<\/p>\n<h2>Sie erreichen uns per Telefon und k\u00f6nnen online einen Termin ausmachen.<\/h2>\n<p>Unser Empfang ist in der Regel zumeist besetzt. Sollten Sie uns einmal nicht telefonisch erreichen, bitten wir Sie uns eine Nachricht mit Ihrem Namen und Ihrer Rufnummer auf den Ab zu sprechen. Unsere Physiotherapeuten rufen Sie dann bei n\u00e4chster Gelegenheit zur\u00fcck. Seien Sie so nett und sagen Sie Termine die sie nicht wahrnehmen k\u00f6nnen sp\u00e4testens 24 Stunden zuvor ab.<\/p>\n<p>Bitte bringen Sie zu einem ersten Praxistermin Ihr Rezept, die Versichertenkarte und wenn Sie haben, Ihren aktuellen Befund mit.<\/p>\n<h2>Unsere Mitarbeiter freuen sich auf Sie<\/h2>\n<p>Sie erreichen uns <strong><span style=\"color: #F79646;\">per Telefon<\/span><\/strong> unter: <strong><span style=\"color: #F79646;\">0 71 61 37 17 6<\/span><\/strong> , per <strong><span style=\"color: #F79646;\">E-Mail<\/span><\/strong> unter: <strong><span style=\"color: #F79646;\">info@kg-kaelberer.de<\/span><\/strong> oder \u00fcber das nachstehende <strong><span style=\"color: #F79646;\">Kontakt Formular<\/span><\/strong>.<\/p>\n<h2>Physiotherapie Lymphdrainage Termin machen<\/h2>\n<div role=\"form\" class=\"wpcf7\" id=\"wpcf7-f4-o1\" lang=\"de-DE\" dir=\"ltr\">\n<div class=\"screen-reader-response\"><p role=\"status\" aria-live=\"polite\" aria-atomic=\"true\"><\/p> <ul><\/ul><\/div>\n<form action=\"\/services\/wp-json\/wp\/v2\/pages\/423#wpcf7-f4-o1\" method=\"post\" class=\"wpcf7-form init\" novalidate=\"novalidate\" data-status=\"init\">\n<div style=\"display: none;\">\n<input type=\"hidden\" name=\"_wpcf7\" value=\"4\" \/>\n<input type=\"hidden\" name=\"_wpcf7_version\" value=\"5.5.4\" \/>\n<input type=\"hidden\" name=\"_wpcf7_locale\" value=\"de_DE\" \/>\n<input type=\"hidden\" name=\"_wpcf7_unit_tag\" value=\"wpcf7-f4-o1\" \/>\n<input type=\"hidden\" name=\"_wpcf7_container_post\" value=\"0\" \/>\n<input type=\"hidden\" name=\"_wpcf7_posted_data_hash\" value=\"\" \/>\n<\/div>\n<p>Betreff: <span class=\"wpcf7-form-control-wrap menu-213\"><select name=\"menu-213\" class=\"wpcf7-form-control wpcf7-select wpcf7-validates-as-required\" aria-required=\"true\" aria-invalid=\"false\"><option value=\"Termin\">Termin<\/option><option value=\"Sonstiges\">Sonstiges<\/option><\/select><\/span><\/p>\n<p><label> *Name<br \/>\n    <span class=\"wpcf7-form-control-wrap your-name\"><input type=\"text\" name=\"your-name\" value=\"\" size=\"40\" class=\"wpcf7-form-control wpcf7-text wpcf7-validates-as-required\" aria-required=\"true\" aria-invalid=\"false\" \/><\/span> <\/label><\/p>\n<p><span id=\"wpcf7-69f38b6dbd24c-wrapper\" class=\"wpcf7-form-control-wrap Vorname-wrap\" style=\"display:none !important; visibility:hidden !important;\"><label for=\"wpcf7-69f38b6dbd24c-field\" class=\"hp-message\">Bitte lasse dieses Feld leer.<\/label><input id=\"wpcf7-69f38b6dbd24c-field\"  class=\"wpcf7-form-control wpcf7-text\" type=\"text\" name=\"Vorname\" value=\"\" size=\"40\" tabindex=\"-1\" autocomplete=\"off\" \/><\/span><\/p>\n<p><label> *E-Mail-Adresse<br \/>\n    <span class=\"wpcf7-form-control-wrap your-email\"><input type=\"email\" name=\"your-email\" value=\"\" size=\"40\" class=\"wpcf7-form-control wpcf7-text wpcf7-email wpcf7-validates-as-required wpcf7-validates-as-email\" aria-required=\"true\" aria-invalid=\"false\" \/><\/span> <\/label><\/p>\n<p><label> *Nachricht (optional)<br \/>\n    <span class=\"wpcf7-form-control-wrap your-message\"><textarea name=\"your-message\" cols=\"40\" rows=\"10\" class=\"wpcf7-form-control wpcf7-textarea wpcf7-validates-as-required\" aria-required=\"true\" aria-invalid=\"false\"><\/textarea><\/span> <\/label><\/p>\n<div style=\"background-color: rgba(128,128,128,.05); border: 1px solid rgba(128,128,128,.1); padding: .5em;\">\n<span class=\"wpcf7-form-control-wrap accept-this-1\"><span class=\"wpcf7-form-control wpcf7-acceptance\"><span class=\"wpcf7-list-item\"><label><input type=\"checkbox\" name=\"accept-this-1\" value=\"1\" aria-invalid=\"false\" \/><span class=\"wpcf7-list-item-label\">*Ich willige ein, dass meine Angaben zur Kontaktaufnahme und Zuordnung f\u00fcr eventuelle R\u00fcckfragen dauerhaft gespeichert werden (diese Einwilligung k\u00f6nnen Sie jederzeit durch Nachricht an uns widerrufen - Ihre Daten werden dann umgehend gel\u00f6scht). Weitere Informationen finden Sie in der <a target=\"_blank\" href=\"\/datenschutz\/\">Datenschutzerkl\u00e4rung<\/a>.<\/span><\/label><\/span><\/span><\/span>\n<\/div>\n<p><input type=\"submit\" value=\"Senden\" class=\"wpcf7-form-control has-spinner wpcf7-submit\" \/><\/p>\n<div class=\"wpcf7-response-output\" aria-hidden=\"true\"><\/div><\/form><\/div>\n","protected":false},"excerpt":{"rendered":"<p>Unsere Praxis unterst\u00fctzt gro\u00dfe und kleine Menschen dabei, die Funktionalit\u00e4t Ihres K\u00f6rpers durch ein vielf\u00e4ltiges Angebot an therapeutischen Anwendungen zu therapieren. Moderne Therapeutische-Behandlungsmethoden und unser hochqualifiziertes Behandlungsteam gew\u00e4hrleistet eine hohe Qualit\u00e4t der Behandlung. Wenn wir Sie behandeln wollen wir Ihre k\u00f6rperliche Flexibilit\u00e4t und Ihr Wohlbefinden steigern und Ihnen dadurch wieder zu mehr Lebensqualit\u00e4t verhelfen. Physiotherapie &hellip; <a href=\"https:\/\/www.physiopraxis-uhingen.de\/services\/services\/physiotheraepie-lymphdraeinaege-goeppingen\/\" class=\"more-link\">Continue reading<span class=\"screen-reader-text\"> &#8222;Physiotherapie Lymphdrainage G\u00f6ppingen Telefon: 07161-37176&#8220;<\/span><\/a><\/p>\n","protected":false},"author":2,"featured_media":424,"parent":24,"menu_order":0,"comment_status":"closed","ping_status":"closed","template":"","meta":[],"_links":{"self":[{"href":"https:\/\/www.physiopraxis-uhingen.de\/services\/wp-json\/wp\/v2\/pages\/423"}],"collection":[{"href":"https:\/\/www.physiopraxis-uhingen.de\/services\/wp-json\/wp\/v2\/pages"}],"about":[{"href":"https:\/\/www.physiopraxis-uhingen.de\/services\/wp-json\/wp\/v2\/types\/page"}],"author":[{"embeddable":true,"href":"https:\/\/www.physiopraxis-uhingen.de\/services\/wp-json\/wp\/v2\/users\/2"}],"replies":[{"embeddable":true,"href":"https:\/\/www.physiopraxis-uhingen.de\/services\/wp-json\/wp\/v2\/comments?post=423"}],"version-history":[{"count":0,"href":"https:\/\/www.physiopraxis-uhingen.de\/services\/wp-json\/wp\/v2\/pages\/423\/revisions"}],"up":[{"embeddable":true,"href":"https:\/\/www.physiopraxis-uhingen.de\/services\/wp-json\/wp\/v2\/pages\/24"}],"wp:featuredmedia":[{"embeddable":true,"href":"https:\/\/www.physiopraxis-uhingen.de\/services\/wp-json\/wp\/v2\/media\/424"}],"wp:attachment":[{"href":"https:\/\/www.physiopraxis-uhingen.de\/services\/wp-json\/wp\/v2\/media?parent=423"}],"curies":[{"name":"wp","href":"https:\/\/api.w.org\/{rel}","templated":true}]}}