{"id":497,"date":"2022-11-27T03:36:39","date_gmt":"2022-11-27T03:36:39","guid":{"rendered":"https:\/\/www.physiopraxis-uhingen.de\/services\/?page_id=497"},"modified":"2022-11-28T17:03:21","modified_gmt":"2022-11-28T17:03:21","slug":"kraenkengymnaestik-physiotheraepie-uhingen","status":"publish","type":"page","link":"https:\/\/www.physiopraxis-uhingen.de\/services\/services\/kraenkengymnaestik-physiotheraepie-uhingen\/","title":{"rendered":"Krankengymnastik Physiotherapie Uhingen Tel.: 07161-37176"},"content":{"rendered":"<h2>Bei der Herstellung der Funktionalit\u00e4t Ihres K\u00f6rpers bieten wir verschiedene therapeutische Angebote die auf Sie abgestimmt sind.<\/h2>\n<p>Modernste Behandlungsmethoden und unser qualifiziertes Team garantiert eine gro\u00dfe Behandlungsqualit\u00e4t. Wenn wir Sie behandeln m\u00f6chten wir Ihre k\u00f6rperliche Dynamik und Ihr Wohlbefinden erh\u00f6hen und Ihnen damit wiederum zu mehr Lebensqualit\u00e4t verhelfen.<\/p>\n<h2>Unsere Praxis in Uhingen stellt die Physiotherapie in den Mittelpunkt<\/h2>\n<p>In unseren Praxisr\u00e4umen in der Stadtmitte von Uhingen nehmen wir uns f\u00fcr Sie Zeit. Unsere kompetenten Physiotherapeuten betreuen Sie engagiert sowie pers\u00f6nlich auf Sie abgestimmt. Ganzheitliches Denken f\u00fchrt in einer Physiotherapie in der Regel zum Erfolg. Unser Personal freut sich immer wieder sehr \u00fcber die zahlreichen positiven R\u00fcckmeldungen. Schauen Sie sich in Ruhe auf unser Website um, wir freuen uns auf Ihre R\u00fcckmeldung aus Albershausen.<\/p>\n<h2>Sie erreichen uns per Telefon oder k\u00f6nnen online Termine ausmachen.<\/h2>\n<p>Auch ohne ein Rezept k\u00f6nnen wir Sie behandeln. Alle Behandlungen k\u00f6nnen durch Sie auch als Selbstzahler realisiert werden.<\/p>\n<p>F\u00fcr die Therapie sollten Sie bequeme Kleidung, ein gro\u00dfes Handtuch, sowie Sportschuhe mitbringen.<\/p>\n<h2>Wir freuen uns auf Sie<\/h2>\n<p>Sie erreichen uns \u00fcber <strong><span style=\"color: #f79646;\">das Telefon<\/span><\/strong> unter: <strong><span style=\"color: #f79646;\">0 71 61 37 17 6<\/span><\/strong> , per <strong><span style=\"color: #f79646;\">E-Mail<\/span><\/strong> unter: <strong><span style=\"color: #f79646;\">info@kg-kaelberer.de<\/span><\/strong> oder \u00fcber das nachstehende <strong><span style=\"color: #f79646;\">Kontakt Formular<\/span><\/strong>.<\/p>\n<h2>Krankengymnastik Physiotherapie Termin bestellen<\/h2>\n<div role=\"form\" class=\"wpcf7\" id=\"wpcf7-f4-o1\" lang=\"de-DE\" dir=\"ltr\">\n<div class=\"screen-reader-response\"><p role=\"status\" aria-live=\"polite\" aria-atomic=\"true\"><\/p> <ul><\/ul><\/div>\n<form action=\"\/services\/wp-json\/wp\/v2\/pages\/497#wpcf7-f4-o1\" method=\"post\" class=\"wpcf7-form init\" novalidate=\"novalidate\" data-status=\"init\">\n<div style=\"display: none;\">\n<input type=\"hidden\" name=\"_wpcf7\" value=\"4\" \/>\n<input type=\"hidden\" name=\"_wpcf7_version\" value=\"5.5.4\" \/>\n<input type=\"hidden\" name=\"_wpcf7_locale\" value=\"de_DE\" \/>\n<input type=\"hidden\" name=\"_wpcf7_unit_tag\" value=\"wpcf7-f4-o1\" \/>\n<input type=\"hidden\" name=\"_wpcf7_container_post\" value=\"0\" \/>\n<input type=\"hidden\" name=\"_wpcf7_posted_data_hash\" value=\"\" \/>\n<\/div>\n<p>Betreff: <span class=\"wpcf7-form-control-wrap menu-213\"><select name=\"menu-213\" class=\"wpcf7-form-control wpcf7-select wpcf7-validates-as-required\" aria-required=\"true\" aria-invalid=\"false\"><option value=\"Termin\">Termin<\/option><option value=\"Sonstiges\">Sonstiges<\/option><\/select><\/span><\/p>\n<p><label> *Name<br \/>\n    <span class=\"wpcf7-form-control-wrap your-name\"><input type=\"text\" name=\"your-name\" value=\"\" size=\"40\" class=\"wpcf7-form-control wpcf7-text wpcf7-validates-as-required\" aria-required=\"true\" aria-invalid=\"false\" \/><\/span> <\/label><\/p>\n<p><span id=\"wpcf7-69f22e4af3abf-wrapper\" class=\"wpcf7-form-control-wrap Vorname-wrap\" style=\"display:none !important; visibility:hidden !important;\"><label for=\"wpcf7-69f22e4af3abf-field\" class=\"hp-message\">Bitte lasse dieses Feld leer.<\/label><input id=\"wpcf7-69f22e4af3abf-field\"  class=\"wpcf7-form-control wpcf7-text\" type=\"text\" name=\"Vorname\" value=\"\" size=\"40\" tabindex=\"-1\" autocomplete=\"off\" \/><\/span><\/p>\n<p><label> *E-Mail-Adresse<br \/>\n    <span class=\"wpcf7-form-control-wrap your-email\"><input type=\"email\" name=\"your-email\" value=\"\" size=\"40\" class=\"wpcf7-form-control wpcf7-text wpcf7-email wpcf7-validates-as-required wpcf7-validates-as-email\" aria-required=\"true\" aria-invalid=\"false\" \/><\/span> <\/label><\/p>\n<p><label> *Nachricht (optional)<br \/>\n    <span class=\"wpcf7-form-control-wrap your-message\"><textarea name=\"your-message\" cols=\"40\" rows=\"10\" class=\"wpcf7-form-control wpcf7-textarea wpcf7-validates-as-required\" aria-required=\"true\" aria-invalid=\"false\"><\/textarea><\/span> <\/label><\/p>\n<div style=\"background-color: rgba(128,128,128,.05); border: 1px solid rgba(128,128,128,.1); padding: .5em;\">\n<span class=\"wpcf7-form-control-wrap accept-this-1\"><span class=\"wpcf7-form-control wpcf7-acceptance\"><span class=\"wpcf7-list-item\"><label><input type=\"checkbox\" name=\"accept-this-1\" value=\"1\" aria-invalid=\"false\" \/><span class=\"wpcf7-list-item-label\">*Ich willige ein, dass meine Angaben zur Kontaktaufnahme und Zuordnung f\u00fcr eventuelle R\u00fcckfragen dauerhaft gespeichert werden (diese Einwilligung k\u00f6nnen Sie jederzeit durch Nachricht an uns widerrufen - Ihre Daten werden dann umgehend gel\u00f6scht). Weitere Informationen finden Sie in der <a target=\"_blank\" href=\"\/datenschutz\/\">Datenschutzerkl\u00e4rung<\/a>.<\/span><\/label><\/span><\/span><\/span>\n<\/div>\n<p><input type=\"submit\" value=\"Senden\" class=\"wpcf7-form-control has-spinner wpcf7-submit\" \/><\/p>\n<div class=\"wpcf7-response-output\" aria-hidden=\"true\"><\/div><\/form><\/div>\n","protected":false},"excerpt":{"rendered":"<p>Bei der Herstellung der Funktionalit\u00e4t Ihres K\u00f6rpers bieten wir verschiedene therapeutische Angebote die auf Sie abgestimmt sind. Modernste Behandlungsmethoden und unser qualifiziertes Team garantiert eine gro\u00dfe Behandlungsqualit\u00e4t. Wenn wir Sie behandeln m\u00f6chten wir Ihre k\u00f6rperliche Dynamik und Ihr Wohlbefinden erh\u00f6hen und Ihnen damit wiederum zu mehr Lebensqualit\u00e4t verhelfen. Unsere Praxis in Uhingen stellt die Physiotherapie &hellip; <a href=\"https:\/\/www.physiopraxis-uhingen.de\/services\/services\/kraenkengymnaestik-physiotheraepie-uhingen\/\" class=\"more-link\">Continue reading<span class=\"screen-reader-text\"> &#8222;Krankengymnastik Physiotherapie Uhingen Tel.: 07161-37176&#8220;<\/span><\/a><\/p>\n","protected":false},"author":2,"featured_media":498,"parent":24,"menu_order":0,"comment_status":"closed","ping_status":"closed","template":"","meta":[],"_links":{"self":[{"href":"https:\/\/www.physiopraxis-uhingen.de\/services\/wp-json\/wp\/v2\/pages\/497"}],"collection":[{"href":"https:\/\/www.physiopraxis-uhingen.de\/services\/wp-json\/wp\/v2\/pages"}],"about":[{"href":"https:\/\/www.physiopraxis-uhingen.de\/services\/wp-json\/wp\/v2\/types\/page"}],"author":[{"embeddable":true,"href":"https:\/\/www.physiopraxis-uhingen.de\/services\/wp-json\/wp\/v2\/users\/2"}],"replies":[{"embeddable":true,"href":"https:\/\/www.physiopraxis-uhingen.de\/services\/wp-json\/wp\/v2\/comments?post=497"}],"version-history":[{"count":1,"href":"https:\/\/www.physiopraxis-uhingen.de\/services\/wp-json\/wp\/v2\/pages\/497\/revisions"}],"predecessor-version":[{"id":754,"href":"https:\/\/www.physiopraxis-uhingen.de\/services\/wp-json\/wp\/v2\/pages\/497\/revisions\/754"}],"up":[{"embeddable":true,"href":"https:\/\/www.physiopraxis-uhingen.de\/services\/wp-json\/wp\/v2\/pages\/24"}],"wp:featuredmedia":[{"embeddable":true,"href":"https:\/\/www.physiopraxis-uhingen.de\/services\/wp-json\/wp\/v2\/media\/498"}],"wp:attachment":[{"href":"https:\/\/www.physiopraxis-uhingen.de\/services\/wp-json\/wp\/v2\/media?parent=497"}],"curies":[{"name":"wp","href":"https:\/\/api.w.org\/{rel}","templated":true}]}}