{"id":641,"date":"2023-04-07T08:41:08","date_gmt":"2023-04-07T08:41:08","guid":{"rendered":"https:\/\/www.physiopraxis-uhingen.de\/services\/?page_id=641"},"modified":"2023-04-07T08:41:08","modified_gmt":"2023-04-07T08:41:08","slug":"lymphdraeinaege-physiotheraepie-faurndau","status":"publish","type":"page","link":"https:\/\/www.physiopraxis-uhingen.de\/services\/services\/lymphdraeinaege-physiotheraepie-faurndau\/","title":{"rendered":"Lymphdrainage Physiotherapie Faurndau Tel.: 07161-37176"},"content":{"rendered":"<h2>Wir unterst\u00fctzen gro\u00dfe und kleinere Patienten dabei, die Funktionalit\u00e4t Ihres K\u00f6rpers durch ein vielf\u00e4ltiges Angebot an physiotherapeutischen Anwendungen zu therapieren.<\/p>\n<\/h2>\n<p> Modernste Therapeutische-Behandlungsmethoden und unser  Behandlungsteam garantiert eine hohe Behandlungsqualit\u00e4t. Wenn wir Sie behandeln m\u00f6chten wir Ihre k\u00f6rperliche Flexibilit\u00e4t und Ihr Wohlbefinden steigern und Ihnen dadurch wiederum zu mehr Lebensfreude verhelfen.<\/h2>\n<h2>Wir stellen die Physiotherapie in den Vordergrund<\/h2>\n<p>In unseren einladenden und modern eingerichteten Praxisr\u00e4umen im Zentrum von Uhingen sind Sie herzlich willkommen. Unsere Mitarbeiter sind anerkannte Physiotherapeuten, die Sie in guter Atmosph\u00e4re engagiert und pers\u00f6nlich unterst\u00fctzen. Es ist unsere \u00dcberzeugung, dass nur ganzheitliches Denken die Behandlung zum Erfolg f\u00fchrt. Gl\u00fccklicherweise best\u00e4tigen uns die R\u00fcckmeldungen unserer kleinen und gro\u00dfen Patienten, dass wir auf dem optimalen Weg sind. Sehen Sie sich in Ruhe auf unser Homepage um, wir freuen uns auf Ihr Feedback aus Faurndau.<\/p>\n<h2>Sie erreichen uns telefonisch und k\u00f6nnen online einen Termin vereinbaren.<\/h2>\n<p>Unsere Rezeption ist meistens besetzt. Wenn Sie uns einmal nicht per Telefon erreichen, ersuchen wir Sie uns eine Nachricht mit Ihrem Namen wie auch Ihrer Rufnummer auf unseren Ab auf zu sprechen. Unsere Therapeuten rufen Sie dann schnellstm\u00f6glich zur\u00fcck. K\u00f6nnen Sie einen Termin nicht wahrnehmen, sollten Sie uns bitte 24 Stunden zuvor absagen, dadurch k\u00f6nnen wir unseren Terminplan darauf einstellen. Sie erm\u00f6glichen mit Ihrer Absage anderen Patienten einen fr\u00fcheren Praxistermin zu bekommen.<\/p>\n<p>F\u00fcr die Therapie sollten Sie bequeme Kleidung, ein ausreichend gro\u00dfes Handtuch oder Badetuch, sowie Sportschuhe mitbringen.<\/p>\n<h2>Wir freuen uns auf Sie<\/h2>\n<p>Sie erreichen uns <strong><span style=\"color: #F79646;\">telefonisch<\/span><\/strong> unter: <strong><span style=\"color: #F79646;\">0 71 61 37 17 6<\/span><\/strong> , per <strong><span style=\"color: #F79646;\">E-Mail<\/span><\/strong> unter: <strong><span style=\"color: #F79646;\">info@kg-kaelberer.de<\/span><\/strong> oder auch \u00fcber das nachfolgende <strong><span style=\"color: #F79646;\">Kontakt Formular<\/span><\/strong>.<\/p>\n<h2>Lymphdrainage Physiotherapie Termin ausmachen<\/h2>\n<div role=\"form\" class=\"wpcf7\" id=\"wpcf7-f4-o1\" lang=\"de-DE\" dir=\"ltr\">\n<div class=\"screen-reader-response\"><p role=\"status\" aria-live=\"polite\" aria-atomic=\"true\"><\/p> <ul><\/ul><\/div>\n<form action=\"\/services\/wp-json\/wp\/v2\/pages\/641#wpcf7-f4-o1\" method=\"post\" class=\"wpcf7-form init\" novalidate=\"novalidate\" data-status=\"init\">\n<div style=\"display: none;\">\n<input type=\"hidden\" name=\"_wpcf7\" value=\"4\" \/>\n<input type=\"hidden\" name=\"_wpcf7_version\" value=\"5.5.4\" \/>\n<input type=\"hidden\" name=\"_wpcf7_locale\" value=\"de_DE\" \/>\n<input type=\"hidden\" name=\"_wpcf7_unit_tag\" value=\"wpcf7-f4-o1\" \/>\n<input type=\"hidden\" name=\"_wpcf7_container_post\" value=\"0\" \/>\n<input type=\"hidden\" name=\"_wpcf7_posted_data_hash\" value=\"\" \/>\n<\/div>\n<p>Betreff: <span class=\"wpcf7-form-control-wrap menu-213\"><select name=\"menu-213\" class=\"wpcf7-form-control wpcf7-select wpcf7-validates-as-required\" aria-required=\"true\" aria-invalid=\"false\"><option value=\"Termin\">Termin<\/option><option value=\"Sonstiges\">Sonstiges<\/option><\/select><\/span><\/p>\n<p><label> *Name<br \/>\n    <span class=\"wpcf7-form-control-wrap your-name\"><input type=\"text\" name=\"your-name\" value=\"\" size=\"40\" class=\"wpcf7-form-control wpcf7-text wpcf7-validates-as-required\" aria-required=\"true\" aria-invalid=\"false\" \/><\/span> <\/label><\/p>\n<p><span id=\"wpcf7-69e3411264848-wrapper\" class=\"wpcf7-form-control-wrap Vorname-wrap\" style=\"display:none !important; visibility:hidden !important;\"><label for=\"wpcf7-69e3411264848-field\" class=\"hp-message\">Bitte lasse dieses Feld leer.<\/label><input id=\"wpcf7-69e3411264848-field\"  class=\"wpcf7-form-control wpcf7-text\" type=\"text\" name=\"Vorname\" value=\"\" size=\"40\" tabindex=\"-1\" autocomplete=\"off\" \/><\/span><\/p>\n<p><label> *E-Mail-Adresse<br \/>\n    <span class=\"wpcf7-form-control-wrap your-email\"><input type=\"email\" name=\"your-email\" value=\"\" size=\"40\" class=\"wpcf7-form-control wpcf7-text wpcf7-email wpcf7-validates-as-required wpcf7-validates-as-email\" aria-required=\"true\" aria-invalid=\"false\" \/><\/span> <\/label><\/p>\n<p><label> *Nachricht (optional)<br \/>\n    <span class=\"wpcf7-form-control-wrap your-message\"><textarea name=\"your-message\" cols=\"40\" rows=\"10\" class=\"wpcf7-form-control wpcf7-textarea wpcf7-validates-as-required\" aria-required=\"true\" aria-invalid=\"false\"><\/textarea><\/span> <\/label><\/p>\n<div style=\"background-color: rgba(128,128,128,.05); border: 1px solid rgba(128,128,128,.1); padding: .5em;\">\n<span class=\"wpcf7-form-control-wrap accept-this-1\"><span class=\"wpcf7-form-control wpcf7-acceptance\"><span class=\"wpcf7-list-item\"><label><input type=\"checkbox\" name=\"accept-this-1\" value=\"1\" aria-invalid=\"false\" \/><span class=\"wpcf7-list-item-label\">*Ich willige ein, dass meine Angaben zur Kontaktaufnahme und Zuordnung f\u00fcr eventuelle R\u00fcckfragen dauerhaft gespeichert werden (diese Einwilligung k\u00f6nnen Sie jederzeit durch Nachricht an uns widerrufen - Ihre Daten werden dann umgehend gel\u00f6scht). Weitere Informationen finden Sie in der <a target=\"_blank\" href=\"\/datenschutz\/\">Datenschutzerkl\u00e4rung<\/a>.<\/span><\/label><\/span><\/span><\/span>\n<\/div>\n<p><input type=\"submit\" value=\"Senden\" class=\"wpcf7-form-control has-spinner wpcf7-submit\" \/><\/p>\n<div class=\"wpcf7-response-output\" aria-hidden=\"true\"><\/div><\/form><\/div>\n","protected":false},"excerpt":{"rendered":"<p>Wir unterst\u00fctzen gro\u00dfe und kleinere Patienten dabei, die Funktionalit\u00e4t Ihres K\u00f6rpers durch ein vielf\u00e4ltiges Angebot an physiotherapeutischen Anwendungen zu therapieren. Modernste Therapeutische-Behandlungsmethoden und unser Behandlungsteam garantiert eine hohe Behandlungsqualit\u00e4t. Wenn wir Sie behandeln m\u00f6chten wir Ihre k\u00f6rperliche Flexibilit\u00e4t und Ihr Wohlbefinden steigern und Ihnen dadurch wiederum zu mehr Lebensfreude verhelfen. Wir stellen die Physiotherapie in &hellip; <a href=\"https:\/\/www.physiopraxis-uhingen.de\/services\/services\/lymphdraeinaege-physiotheraepie-faurndau\/\" class=\"more-link\">Continue reading<span class=\"screen-reader-text\"> &#8222;Lymphdrainage Physiotherapie Faurndau Tel.: 07161-37176&#8220;<\/span><\/a><\/p>\n","protected":false},"author":2,"featured_media":642,"parent":24,"menu_order":0,"comment_status":"closed","ping_status":"closed","template":"","meta":[],"_links":{"self":[{"href":"https:\/\/www.physiopraxis-uhingen.de\/services\/wp-json\/wp\/v2\/pages\/641"}],"collection":[{"href":"https:\/\/www.physiopraxis-uhingen.de\/services\/wp-json\/wp\/v2\/pages"}],"about":[{"href":"https:\/\/www.physiopraxis-uhingen.de\/services\/wp-json\/wp\/v2\/types\/page"}],"author":[{"embeddable":true,"href":"https:\/\/www.physiopraxis-uhingen.de\/services\/wp-json\/wp\/v2\/users\/2"}],"replies":[{"embeddable":true,"href":"https:\/\/www.physiopraxis-uhingen.de\/services\/wp-json\/wp\/v2\/comments?post=641"}],"version-history":[{"count":0,"href":"https:\/\/www.physiopraxis-uhingen.de\/services\/wp-json\/wp\/v2\/pages\/641\/revisions"}],"up":[{"embeddable":true,"href":"https:\/\/www.physiopraxis-uhingen.de\/services\/wp-json\/wp\/v2\/pages\/24"}],"wp:featuredmedia":[{"embeddable":true,"href":"https:\/\/www.physiopraxis-uhingen.de\/services\/wp-json\/wp\/v2\/media\/642"}],"wp:attachment":[{"href":"https:\/\/www.physiopraxis-uhingen.de\/services\/wp-json\/wp\/v2\/media?parent=641"}],"curies":[{"name":"wp","href":"https:\/\/api.w.org\/{rel}","templated":true}]}}